{"id":121,"date":"2025-08-11T09:19:36","date_gmt":"2025-08-11T09:19:36","guid":{"rendered":"https:\/\/brainpotato.com\/notes\/"},"modified":"2025-11-19T23:00:23","modified_gmt":"2025-11-19T23:00:23","slug":"notes","status":"publish","type":"page","link":"https:\/\/brainpotato.com\/fr\/notes\/","title":{"rendered":"Notes"},"content":{"rendered":"<p>hello<\/p>\n\n\n\n<div class=\"wp-block-cover alignfull has-custom-content-position is-position-top-left eplus-wrapper\" style=\"min-height:309px;aspect-ratio:unset;\"><img decoding=\"async\" width=\"2560\" height=\"1707\" class=\"wp-block-cover__image-background wp-image-362 size-full\" alt=\"\" src=\"https:\/\/brainpotato.com\/wp-content\/uploads\/2025\/08\/pexels-karolina-grabowska-6958518-scaled.jpg\" data-object-fit=\"cover\" srcset=\"https:\/\/brainpotato.com\/wp-content\/uploads\/2025\/08\/pexels-karolina-grabowska-6958518-scaled.jpg 2560w, https:\/\/brainpotato.com\/wp-content\/uploads\/2025\/08\/pexels-karolina-grabowska-6958518-300x200.jpg 300w, https:\/\/brainpotato.com\/wp-content\/uploads\/2025\/08\/pexels-karolina-grabowska-6958518-1024x683.jpg 1024w, https:\/\/brainpotato.com\/wp-content\/uploads\/2025\/08\/pexels-karolina-grabowska-6958518-768x512.jpg 768w, https:\/\/brainpotato.com\/wp-content\/uploads\/2025\/08\/pexels-karolina-grabowska-6958518-1536x1024.jpg 1536w, https:\/\/brainpotato.com\/wp-content\/uploads\/2025\/08\/pexels-karolina-grabowska-6958518-2048x1365.jpg 2048w, https:\/\/brainpotato.com\/wp-content\/uploads\/2025\/08\/pexels-karolina-grabowska-6958518-18x12.jpg 18w\" sizes=\"(max-width: 2560px) 100vw, 2560px\" \/><span aria-hidden=\"true\" class=\"wp-block-cover__background has-background-dim\"><\/span><div class=\"wp-block-cover__inner-container has-global-padding is-layout-constrained wp-block-cover-is-layout-constrained\">\n<div style=\"height:68px\" aria-hidden=\"true\" class=\"wp-block-spacer eplus-wrapper\"><\/div>\n\n\n\n<div class=\"wp-block-uagb-advanced-heading uagb-block-4d359dea\"><h1 class=\"uagb-heading-text\">D\u00e9couvrez nos notes<\/h1><\/div>\n\n\n\n<p class=\"eplus-wrapper has-base-color has-text-color has-link-color wp-elements-6ff8489d3acfbd37be710a3ea775aebe\">Acc\u00e9dez \u00e0 des notes compl\u00e8tes pour chaque sujet afin d'am\u00e9liorer votre compr\u00e9hension et d'exceller dans vos \u00e9tudes. N'h\u00e9sitez pas \u00e0 revoir un concept autant de fois que vous le souhaitez.<\/p>\n<\/div><\/div>\n\n\n\n<div class=\"wp-block-uagb-container uagb-block-5728f288 alignfull uagb-is-root-container\"><div class=\"uagb-container-inner-blocks-wrap\">\n<header class=\"wp-block-uagb-advanced-heading uagb-block-e9qlhf49\"><h2 class=\"uagb-heading-text\">Notes sur le sujet<\/h2><p class=\"uagb-desc-text\">Notes compl\u00e8tes pour les mati\u00e8res de l'IB ici.<\/p><\/header>\n\n\n\n<div class=\"wp-block-columns eplus-wrapper is-layout-flex wp-container-core-columns-is-layout-28f84493 wp-block-columns-is-layout-flex\">\n<div class=\"wp-block-column eplus-wrapper is-layout-flow wp-block-column-is-layout-flow\">\n<div class=\"wp-block-group eplus-wrapper is-vertical is-layout-flex wp-container-core-group-is-layout-4b827052 wp-block-group-is-layout-flex\">\n<div class=\"wp-block-group eplus-wrapper is-nowrap is-layout-flex wp-container-core-group-is-layout-6c531013 wp-block-group-is-layout-flex\">\n<div class=\"wp-block-uagb-image uagb-block-ee952d73 wp-block-uagb-image--layout-default wp-block-uagb-image--effect-static wp-block-uagb-image--align-none\"><figure class=\"wp-block-uagb-image__figure\"><img decoding=\"async\" srcset=\"https:\/\/brainpotato.com\/wp-content\/uploads\/2025\/08\/chemistry-300x300.webp ,https:\/\/brainpotato.com\/wp-content\/uploads\/2025\/08\/chemistry.webp 780w, https:\/\/brainpotato.com\/wp-content\/uploads\/2025\/08\/chemistry.webp 360w\" sizes=\"auto, (max-width: 480px) 150px\" src=\"https:\/\/brainpotato.com\/wp-content\/uploads\/2025\/08\/chemistry-300x300.webp\" alt=\"\" class=\"uag-image-317\" width=\"175\" height=\"175\" title=\"Chemistry Picture\" loading=\"lazy\" role=\"img\"\/><\/figure><\/div>\n\n\n\n<div class=\"wp-block-group eplus-wrapper is-vertical is-layout-flex wp-container-core-group-is-layout-fe9cc265 wp-block-group-is-layout-flex\">\n<div class=\"wp-block-group eplus-wrapper has-medium-font-size is-nowrap is-layout-flex wp-container-core-group-is-layout-81943dc8 wp-block-group-is-layout-flex\" style=\"margin-top:var(--wp--preset--spacing--20);margin-bottom:var(--wp--preset--spacing--20)\">\n<p class=\"eplus-wrapper\">Dur<\/p>\n\n\n\n<p class=\"eplus-wrapper\">3 jours de lecture<\/p>\n<\/div>\n\n\n\n<div class=\"wp-block-uagb-advanced-heading uagb-block-00e7c650\"><h3 class=\"uagb-heading-text\">S'attaquer \u00e0 la chimie<\/h3><\/div>\n\n\n\n<p class=\"eplus-wrapper has-small-font-size\">Approfondissez votre compr\u00e9hension de la chimie gr\u00e2ce \u00e0 nos notes r\u00e9dig\u00e9es par des experts, qui couvrent tous les sujets, du mouvement des particules aux complexit\u00e9s de la liaison chimique.<\/p>\n<\/div>\n<\/div>\n\n\n\n<p class=\"has-text-align-right eplus-wrapper\" style=\"margin-bottom:var(--wp--preset--spacing--30);padding-right:25%\">Lire la suite &gt;<\/p>\n\n\n\n<div class=\"wp-block-group eplus-wrapper is-nowrap is-layout-flex wp-container-core-group-is-layout-6c531013 wp-block-group-is-layout-flex\">\n<div class=\"wp-block-uagb-image uagb-block-2f47c8e1 wp-block-uagb-image--layout-default wp-block-uagb-image--effect-static wp-block-uagb-image--align-none\"><figure class=\"wp-block-uagb-image__figure\"><img decoding=\"async\" srcset=\"https:\/\/brainpotato.com\/wp-content\/uploads\/2025\/08\/pexels-thelazyartist-1342609-985x1024.jpg ,https:\/\/brainpotato.com\/wp-content\/uploads\/2025\/08\/pexels-thelazyartist-1342609-scaled.jpg 780w, https:\/\/brainpotato.com\/wp-content\/uploads\/2025\/08\/pexels-thelazyartist-1342609-scaled.jpg 360w\" sizes=\"auto, (max-width: 480px) 150px\" src=\"https:\/\/brainpotato.com\/wp-content\/uploads\/2025\/08\/pexels-thelazyartist-1342609-985x1024.jpg\" alt=\"\" class=\"uag-image-312\" width=\"175\" height=\"175\" title=\"Business Picture\" loading=\"lazy\" role=\"img\"\/><\/figure><\/div>\n\n\n\n<div class=\"wp-block-group eplus-wrapper is-vertical is-layout-flex wp-container-core-group-is-layout-fe9cc265 wp-block-group-is-layout-flex\">\n<div class=\"wp-block-group eplus-wrapper is-nowrap is-layout-flex wp-container-core-group-is-layout-81943dc8 wp-block-group-is-layout-flex\" style=\"margin-top:var(--wp--preset--spacing--20);margin-bottom:var(--wp--preset--spacing--20)\">\n<p class=\"eplus-wrapper has-medium-font-size\">Facile<\/p>\n\n\n\n<p class=\"eplus-wrapper has-medium-font-size\" style=\"margin-top:0;margin-bottom:0\">6 heures de lecture<\/p>\n<\/div>\n\n\n\n<div class=\"wp-block-uagb-advanced-heading uagb-block-af685f34\"><h3 class=\"uagb-heading-text\">Introduction \u00e0 l'entreprise<\/h3><\/div>\n\n\n\n<p class=\"eplus-wrapper has-small-font-size\">Explorez la nature des op\u00e9rations commerciales, comprenez la gestion des employ\u00e9s au sein du d\u00e9partement des ressources humaines, examinez les influences externes sur l'activit\u00e9 commerciale, et bien d'autres choses encore.<\/p>\n<\/div>\n<\/div>\n\n\n\n<p class=\"has-text-align-right eplus-wrapper\" style=\"padding-right:25%\">Lire la suite &gt;<\/p>\n<\/div>\n<\/div>\n\n\n\n<div class=\"wp-block-column eplus-wrapper is-layout-flow wp-block-column-is-layout-flow\">\n<div class=\"wp-block-group eplus-wrapper is-vertical is-layout-flex wp-container-core-group-is-layout-fe9cc265 wp-block-group-is-layout-flex\">\n<div class=\"wp-block-group eplus-wrapper is-nowrap is-layout-flex wp-container-core-group-is-layout-6c531013 wp-block-group-is-layout-flex\">\n<div class=\"wp-block-uagb-image uagb-block-f58e9336 wp-block-uagb-image--layout-default wp-block-uagb-image--effect-static wp-block-uagb-image--align-none\"><figure class=\"wp-block-uagb-image__figure\"><img decoding=\"async\" srcset=\"https:\/\/brainpotato.com\/wp-content\/uploads\/2025\/08\/mw-FWp9yrgW658-unsplash-scaled.jpg ,https:\/\/brainpotato.com\/wp-content\/uploads\/2025\/08\/mw-FWp9yrgW658-unsplash-scaled.jpg 780w, https:\/\/brainpotato.com\/wp-content\/uploads\/2025\/08\/mw-FWp9yrgW658-unsplash-scaled.jpg 360w\" sizes=\"auto, (max-width: 480px) 150px\" src=\"https:\/\/brainpotato.com\/wp-content\/uploads\/2025\/08\/mw-FWp9yrgW658-unsplash-scaled.jpg\" alt=\"\" class=\"uag-image-316\" width=\"175\" height=\"175\" title=\"Physics Picture\" loading=\"lazy\" role=\"img\"\/><\/figure><\/div>\n\n\n\n<div class=\"wp-block-group eplus-wrapper is-vertical is-layout-flex wp-container-core-group-is-layout-fe9cc265 wp-block-group-is-layout-flex\">\n<div class=\"wp-block-group eplus-wrapper has-medium-font-size is-nowrap is-layout-flex wp-container-core-group-is-layout-81943dc8 wp-block-group-is-layout-flex\" style=\"margin-top:var(--wp--preset--spacing--20);margin-bottom:var(--wp--preset--spacing--20)\">\n<p class=\"eplus-wrapper\">Dur<\/p>\n\n\n\n<p class=\"eplus-wrapper\">3 jours de lecture<\/p>\n<\/div>\n\n\n\n<div class=\"wp-block-uagb-advanced-heading uagb-block-942e7b84\"><h3 class=\"uagb-heading-text\">Physique - Une explication de l'univers<\/h3><\/div>\n\n\n\n<p class=\"eplus-wrapper has-small-font-size\">Explorer un large \u00e9ventail de sujets, de la dynamique du monde qui nous entoure, y compris le processus de transfert d'\u00e9nergie, aux complexit\u00e9s des ondes.<\/p>\n<\/div>\n<\/div>\n\n\n\n<p class=\"has-text-align-right eplus-wrapper\" style=\"margin-bottom:var(--wp--preset--spacing--30);padding-right:25%\">Lire la suite &gt;<\/p>\n\n\n\n<div class=\"wp-block-group eplus-wrapper is-nowrap is-layout-flex wp-container-core-group-is-layout-6c531013 wp-block-group-is-layout-flex\">\n<div class=\"wp-block-uagb-image uagb-block-6ed4978f wp-block-uagb-image--layout-default wp-block-uagb-image--effect-static wp-block-uagb-image--align-none\"><figure class=\"wp-block-uagb-image__figure\"><img decoding=\"async\" srcset=\"https:\/\/brainpotato.com\/wp-content\/uploads\/2025\/08\/pexels-pixabay-87651-1024x1024.jpg ,https:\/\/brainpotato.com\/wp-content\/uploads\/2025\/08\/pexels-pixabay-87651.jpg 780w, https:\/\/brainpotato.com\/wp-content\/uploads\/2025\/08\/pexels-pixabay-87651.jpg 360w\" sizes=\"auto, (max-width: 480px) 150px\" src=\"https:\/\/brainpotato.com\/wp-content\/uploads\/2025\/08\/pexels-pixabay-87651-1024x1024.jpg\" alt=\"\" class=\"uag-image-315\" width=\"173\" height=\"175\" title=\"IH Picture\" loading=\"lazy\" role=\"img\"\/><\/figure><\/div>\n\n\n\n<div class=\"wp-block-group eplus-wrapper is-vertical is-layout-flex wp-container-core-group-is-layout-fe9cc265 wp-block-group-is-layout-flex\">\n<div class=\"wp-block-group eplus-wrapper has-medium-font-size is-nowrap is-layout-flex wp-container-core-group-is-layout-81943dc8 wp-block-group-is-layout-flex\" style=\"margin-top:var(--wp--preset--spacing--20);margin-bottom:var(--wp--preset--spacing--20)\">\n<p class=\"eplus-wrapper\">Moyen<\/p>\n\n\n\n<p class=\"eplus-wrapper\">3 heures de lecture<\/p>\n<\/div>\n\n\n\n<div class=\"wp-block-uagb-advanced-heading uagb-block-3afc0efa\"><h3 class=\"uagb-heading-text\">Un aper\u00e7u de l'IH<\/h3><\/div>\n\n\n\n<p class=\"eplus-wrapper has-small-font-size\">Explorer les facteurs sous-jacents qui influencent les d\u00e9cisions des gouvernements et leurs influences. Acqu\u00e9rir une compr\u00e9hension fondamentale des concepts \u00e9conomiques.<\/p>\n<\/div>\n<\/div>\n\n\n\n<p class=\"has-text-align-right eplus-wrapper\" style=\"padding-right:25%\">Lire la suite &gt;<\/p>\n<\/div>\n<\/div>\n<\/div>\n<\/div><\/div>\n\n\n\n<div id=\"FAQ\" class=\"wp-block-uagb-container uagb-block-ht1ka6ql alignfull uagb-is-root-container\"><div class=\"uagb-container-inner-blocks-wrap\">\n<header class=\"wp-block-uagb-advanced-heading uagb-block-5a987691\"><h2 class=\"uagb-heading-text\">Questions fr\u00e9quemment pos\u00e9es<\/h2><div class=\"uagb-separator\"><\/div><\/header>\n\n\n<div class=\"wp-block-uagb-faq uagb-faq__outer-wrap uagb-block-vvisx6gc uagb-faq-icon-row-reverse uagb-faq-layout-accordion uagb-faq-expand-first-true uagb-faq-inactive-other-true uagb-faq__wrap uagb-buttons-layout-wrap uagb-faq-equal-height\" data-faqtoggle=\"true\" role=\"tablist\"><div class=\"wp-block-uagb-faq-child uagb-faq-child__outer-wrap uagb-faq-item uagb-block-ph1rjexy\" role=\"tab\" tabindex=\"0\"><div class=\"uagb-faq-questions-button uagb-faq-questions\">\t\t\t<span class=\"uagb-icon uagb-faq-icon-wrap\">\n\t\t\t\t\t\t\t\t<svg xmlns=\"https:\/\/www.w3.org\/2000\/svg\" viewbox= \"0 0 448 512\"><path d=\"M224 416c-8.188 0-16.38-3.125-22.62-9.375l-192-192c-12.5-12.5-12.5-32.75 0-45.25s32.75-12.5 45.25 0L224 338.8l169.4-169.4c12.5-12.5 32.75-12.5 45.25 0s12.5 32.75 0 45.25l-192 192C240.4 412.9 232.2 416 224 416z\"><\/path><\/svg>\n\t\t\t\t\t\t\t<\/span>\n\t\t\t\t\t\t<span class=\"uagb-icon-active uagb-faq-icon-wrap\">\n\t\t\t\t\t\t\t\t<svg xmlns=\"https:\/\/www.w3.org\/2000\/svg\" viewbox= \"0 0 448 512\"><path d=\"M416 352c-8.188 0-16.38-3.125-22.62-9.375L224 173.3l-169.4 169.4c-12.5 12.5-32.75 12.5-45.25 0s-12.5-32.75 0-45.25l192-192c12.5-12.5 32.75-12.5 45.25 0l192 192c12.5 12.5 12.5 32.75 0 45.25C432.4 348.9 424.2 352 416 352z\"><\/path><\/svg>\n\t\t\t\t\t\t\t<\/span>\n\t\t\t<p class=\"uagb-question\">Comment acc\u00e9der aux notes ?<\/p><\/div><div class=\"uagb-faq-content\"><p>Vous pouvez acc\u00e9der aux notes en naviguant dans la section \"Notes\" de notre site web. Il vous suffit de s\u00e9lectionner le sujet de votre choix pour trouver les documents correspondants. Chaque note est con\u00e7ue pour am\u00e9liorer votre compr\u00e9hension du sujet.<\/p><\/div><\/div><div class=\"wp-block-uagb-faq-child uagb-faq-child__outer-wrap uagb-faq-item uagb-block-ld4gszg3\" role=\"tab\" tabindex=\"0\"><div class=\"uagb-faq-questions-button uagb-faq-questions\">\t\t\t<span class=\"uagb-icon uagb-faq-icon-wrap\">\n\t\t\t\t\t\t\t\t<svg xmlns=\"https:\/\/www.w3.org\/2000\/svg\" viewbox= \"0 0 448 512\"><path d=\"M224 416c-8.188 0-16.38-3.125-22.62-9.375l-192-192c-12.5-12.5-12.5-32.75 0-45.25s32.75-12.5 45.25 0L224 338.8l169.4-169.4c12.5-12.5 32.75-12.5 45.25 0s12.5 32.75 0 45.25l-192 192C240.4 412.9 232.2 416 224 416z\"><\/path><\/svg>\n\t\t\t\t\t\t\t<\/span>\n\t\t\t\t\t\t<span class=\"uagb-icon-active uagb-faq-icon-wrap\">\n\t\t\t\t\t\t\t\t<svg xmlns=\"https:\/\/www.w3.org\/2000\/svg\" viewbox= \"0 0 448 512\"><path d=\"M416 352c-8.188 0-16.38-3.125-22.62-9.375L224 173.3l-169.4 169.4c-12.5 12.5-32.75 12.5-45.25 0s-12.5-32.75 0-45.25l192-192c12.5-12.5 32.75-12.5 45.25 0l192 192c12.5 12.5 12.5 32.75 0 45.25C432.4 348.9 424.2 352 416 352z\"><\/path><\/svg>\n\t\t\t\t\t\t\t<\/span>\n\t\t\t<p class=\"uagb-question\">Les notes sont-elles gratuites ?<\/p><\/div><div class=\"uagb-faq-content\"><p>Oui, toutes les notes disponibles sur notre plateforme sont enti\u00e8rement gratuites pour les \u00e9tudiants. Nous croyons en l'accessibilit\u00e9 des ressources \u00e9ducatives pour soutenir votre apprentissage. N'h\u00e9sitez pas \u00e0 les t\u00e9l\u00e9charger et \u00e0 les utiliser selon vos besoins.<\/p><\/div><\/div><div class=\"wp-block-uagb-faq-child uagb-faq-child__outer-wrap uagb-faq-item uagb-block-nrogirab\" role=\"tab\" tabindex=\"0\"><div class=\"uagb-faq-questions-button uagb-faq-questions\">\t\t\t<span class=\"uagb-icon uagb-faq-icon-wrap\">\n\t\t\t\t\t\t\t\t<svg xmlns=\"https:\/\/www.w3.org\/2000\/svg\" viewbox= \"0 0 448 512\"><path d=\"M224 416c-8.188 0-16.38-3.125-22.62-9.375l-192-192c-12.5-12.5-12.5-32.75 0-45.25s32.75-12.5 45.25 0L224 338.8l169.4-169.4c12.5-12.5 32.75-12.5 45.25 0s12.5 32.75 0 45.25l-192 192C240.4 412.9 232.2 416 224 416z\"><\/path><\/svg>\n\t\t\t\t\t\t\t<\/span>\n\t\t\t\t\t\t<span class=\"uagb-icon-active uagb-faq-icon-wrap\">\n\t\t\t\t\t\t\t\t<svg xmlns=\"https:\/\/www.w3.org\/2000\/svg\" viewbox= \"0 0 448 512\"><path d=\"M416 352c-8.188 0-16.38-3.125-22.62-9.375L224 173.3l-169.4 169.4c-12.5 12.5-32.75 12.5-45.25 0s-12.5-32.75 0-45.25l192-192c12.5-12.5 32.75-12.5 45.25 0l192 192c12.5 12.5 12.5 32.75 0 45.25C432.4 348.9 424.2 352 416 352z\"><\/path><\/svg>\n\t\t\t\t\t\t\t<\/span>\n\t\t\t<p class=\"uagb-question\">Puis-je imprimer des notes ?<\/p><\/div><div class=\"uagb-faq-content\"><p>Absolument ! Vous pouvez imprimer les notes pour y acc\u00e9der plus facilement hors ligne. Cela peut \u00eatre particuli\u00e8rement utile pour \u00e9tudier ou faire des annotations. Assurez-vous simplement que vous disposez d'une imprimante de bonne qualit\u00e9 pour obtenir les meilleurs r\u00e9sultats.<\/p><\/div><\/div><div class=\"wp-block-uagb-faq-child uagb-faq-child__outer-wrap uagb-faq-item uagb-block-7vwczgpx\" role=\"tab\" tabindex=\"0\"><div class=\"uagb-faq-questions-button uagb-faq-questions\">\t\t\t<span class=\"uagb-icon uagb-faq-icon-wrap\">\n\t\t\t\t\t\t\t\t<svg xmlns=\"https:\/\/www.w3.org\/2000\/svg\" viewbox= \"0 0 448 512\"><path d=\"M224 416c-8.188 0-16.38-3.125-22.62-9.375l-192-192c-12.5-12.5-12.5-32.75 0-45.25s32.75-12.5 45.25 0L224 338.8l169.4-169.4c12.5-12.5 32.75-12.5 45.25 0s12.5 32.75 0 45.25l-192 192C240.4 412.9 232.2 416 224 416z\"><\/path><\/svg>\n\t\t\t\t\t\t\t<\/span>\n\t\t\t\t\t\t<span class=\"uagb-icon-active uagb-faq-icon-wrap\">\n\t\t\t\t\t\t\t\t<svg xmlns=\"https:\/\/www.w3.org\/2000\/svg\" viewbox= \"0 0 448 512\"><path d=\"M416 352c-8.188 0-16.38-3.125-22.62-9.375L224 173.3l-169.4 169.4c-12.5 12.5-32.75 12.5-45.25 0s-12.5-32.75 0-45.25l192-192c12.5-12.5 32.75-12.5 45.25 0l192 192c12.5 12.5 12.5 32.75 0 45.25C432.4 348.9 424.2 352 416 352z\"><\/path><\/svg>\n\t\t\t\t\t\t\t<\/span>\n\t\t\t<p class=\"uagb-question\">Quelle est la fr\u00e9quence des mises \u00e0 jour ?<\/p><\/div><div class=\"uagb-faq-content\"><p>Nous mettons r\u00e9guli\u00e8rement \u00e0 jour nos notes afin de nous assurer qu'elles refl\u00e8tent les derniers changements apport\u00e9s au programme scolaire. Vous pouvez vous attendre \u00e0 ce que de nouveaux documents soient ajout\u00e9s chaque trimestre. Restez \u00e0 l'\u00e9coute pour recevoir des notifications sur ces mises \u00e0 jour !<\/p><\/div><\/div><div class=\"wp-block-uagb-faq-child uagb-faq-child__outer-wrap uagb-faq-item uagb-block-ccnoijw3\" role=\"tab\" tabindex=\"0\"><div class=\"uagb-faq-questions-button uagb-faq-questions\">\t\t\t<span class=\"uagb-icon uagb-faq-icon-wrap\">\n\t\t\t\t\t\t\t\t<svg xmlns=\"https:\/\/www.w3.org\/2000\/svg\" viewbox= \"0 0 448 512\"><path d=\"M224 416c-8.188 0-16.38-3.125-22.62-9.375l-192-192c-12.5-12.5-12.5-32.75 0-45.25s32.75-12.5 45.25 0L224 338.8l169.4-169.4c12.5-12.5 32.75-12.5 45.25 0s12.5 32.75 0 45.25l-192 192C240.4 412.9 232.2 416 224 416z\"><\/path><\/svg>\n\t\t\t\t\t\t\t<\/span>\n\t\t\t\t\t\t<span class=\"uagb-icon-active uagb-faq-icon-wrap\">\n\t\t\t\t\t\t\t\t<svg xmlns=\"https:\/\/www.w3.org\/2000\/svg\" viewbox= \"0 0 448 512\"><path d=\"M416 352c-8.188 0-16.38-3.125-22.62-9.375L224 173.3l-169.4 169.4c-12.5 12.5-32.75 12.5-45.25 0s-12.5-32.75 0-45.25l192-192c12.5-12.5 32.75-12.5 45.25 0l192 192c12.5 12.5 12.5 32.75 0 45.25C432.4 348.9 424.2 352 416 352z\"><\/path><\/svg>\n\t\t\t\t\t\t\t<\/span>\n\t\t\t<p class=\"uagb-question\">Qui cr\u00e9e les notes ?<\/p><\/div><div class=\"uagb-faq-content\"><p>Nos notes sont cr\u00e9\u00e9es par des \u00e9ducateurs exp\u00e9riment\u00e9s et des experts en la mati\u00e8re. Elles sont con\u00e7ues pour r\u00e9pondre aux besoins sp\u00e9cifiques des \u00e9l\u00e8ves de l'IB. Vous pouvez \u00eatre s\u00fbr que le contenu est \u00e0 la fois pr\u00e9cis et pertinent.<\/p><\/div><\/div><\/div>\n\n\n<div data-aos= \"fade-down\" data-aos-duration=\"400\" data-aos-delay=\"0\" data-aos-easing=\"ease\" data-aos-once=\"true\" class=\"wp-block-uagb-advanced-heading uagb-block-zyvt7zht\"><h3 class=\"uagb-heading-text\">Vous avez encore une question ?<\/h3><p class=\"uagb-desc-text\">Si vous avez d'autres questions, n'h\u00e9sitez pas \u00e0 nous contacter. Notre \u00e9quipe comp\u00e9tente est l\u00e0 pour vous aider !<\/p><\/div>\n\n\n\n<div class=\"wp-block-uagb-buttons uagb-buttons__outer-wrap uagb-btn__medium-btn uagb-btn-tablet__default-btn uagb-btn-mobile__default-btn uagb-block-qi16i8li\"><div class=\"uagb-buttons__wrap uagb-buttons-layout-wrap\">\n<div data-aos= \"fade-down\" data-aos-duration=\"400\" data-aos-delay=\"0\" data-aos-easing=\"ease\" data-aos-once=\"true\" class=\"wp-block-uagb-buttons-child uagb-buttons__outer-wrap uagb-block-zevb8u4m wp-block-button\"><div class=\"uagb-button__wrapper\"><a class=\"uagb-buttons-repeater wp-block-button__link\" aria-label=\"\" href=\"\/fr\/brainpotato.com\/contact\/\" rel=\"follow noopener\" target=\"_blank\" role=\"button\"><div class=\"uagb-button__link\">Nous contacter<\/div><\/a><\/div><\/div>\n<\/div><\/div>\n<\/div><\/div>\n\n\n\n<div class=\"wp-block-uagb-container uagb-block-fwbmwqcn alignfull uagb-is-root-container\"><div class=\"uagb-container-inner-blocks-wrap\">\n<div class=\"wp-block-uagb-advanced-heading uagb-block-bcb53b93\"><h2 class=\"uagb-heading-text\">Lib\u00e9rez votre potentiel d'apprentissage<\/h2><\/div>\n\n\n\n<div class=\"wp-block-uagb-container uagb-block-fai3wd6t\">\n<div class=\"wp-block-uagb-info-box uagb-block-nht4owrx uagb-infobox__content-wrap  uagb-infobox-icon-above-title uagb-infobox-image-valign-top\"><div class=\"uagb-ifb-content\"><div class=\"uagb-ifb-title-wrap\"><\/div><p class=\"uagb-ifb-desc\">Dive deeper into your studies by accessing our comprehensive lecture videos. Each video comes with direct contact information for your teachers, ensuring you get the support you need.<\/p><\/div><\/div>\n\n\n\n<div class=\"wp-block-uagb-buttons uagb-buttons__outer-wrap uagb-btn__default-btn uagb-btn-tablet__default-btn uagb-btn-mobile__default-btn uagb-block-6ad2ef55\"><div class=\"uagb-buttons__wrap uagb-buttons-layout-wrap\">\n<div class=\"wp-block-uagb-buttons-child uagb-buttons__outer-wrap uagb-block-1e13b095 wp-block-button\"><div class=\"uagb-button__wrapper\"><a class=\"uagb-buttons-repeater wp-block-button__link\" aria-label=\"\" href=\"\/fr\/brainpotato.com\/lectures\/\" rel=\"follow noopener\" target=\"_blank\" role=\"button\"><div class=\"uagb-button__link\">Conf\u00e9rences<\/div><\/a><\/div><\/div>\n<\/div><\/div>\n<\/div>\n<\/div><\/div>","protected":false},"excerpt":{"rendered":"<p>hello Subject Notes Comprehensive notes for IB subjects here. Hard 3 Day read Tackling Chemistry Deepen your understanding of Chemistry with our expertly curated notes, covering everything from particle movement to the complexities of chemical bonding. Read more &gt; Easy 6hr read An Introduction to Business Explore the nature of business operations, understand employee management [&hellip;]<\/p>","protected":false},"author":1,"featured_media":0,"parent":0,"menu_order":0,"comment_status":"closed","ping_status":"closed","template":"","meta":{"om_disable_all_campaigns":false,"_uag_custom_page_level_css":"","editor_plus_copied_stylings":"{}","_monsterinsights_skip_tracking":false,"_monsterinsights_sitenote_active":false,"_monsterinsights_sitenote_note":"","_monsterinsights_sitenote_category":0,"footnotes":""},"class_list":["post-121","page","type-page","status-publish","hentry"],"aioseo_notices":[],"uagb_featured_image_src":{"full":false,"thumbnail":false,"medium":false,"medium_large":false,"large":false,"1536x1536":false,"2048x2048":false,"trp-custom-language-flag":false,"woocommerce_thumbnail":false,"woocommerce_single":false,"woocommerce_gallery_thumbnail":false},"uagb_author_info":{"display_name":"saifan.qasim25@outlook.com","author_link":"https:\/\/brainpotato.com\/fr\/author\/saifan-qasim25outlook-com\/"},"uagb_comment_info":0,"uagb_excerpt":"hello Subject Notes Comprehensive notes for IB subjects here. Hard 3 Day read Tackling Chemistry Deepen your understanding of Chemistry with our expertly curated notes, covering everything from particle movement to the complexities of chemical bonding. Read more &gt; Easy 6hr read An Introduction to Business Explore the nature of business operations, understand employee management\u2026","_links":{"self":[{"href":"https:\/\/brainpotato.com\/fr\/wp-json\/wp\/v2\/pages\/121","targetHints":{"allow":["GET"]}}],"collection":[{"href":"https:\/\/brainpotato.com\/fr\/wp-json\/wp\/v2\/pages"}],"about":[{"href":"https:\/\/brainpotato.com\/fr\/wp-json\/wp\/v2\/types\/page"}],"author":[{"embeddable":true,"href":"https:\/\/brainpotato.com\/fr\/wp-json\/wp\/v2\/users\/1"}],"replies":[{"embeddable":true,"href":"https:\/\/brainpotato.com\/fr\/wp-json\/wp\/v2\/comments?post=121"}],"version-history":[{"count":4,"href":"https:\/\/brainpotato.com\/fr\/wp-json\/wp\/v2\/pages\/121\/revisions"}],"predecessor-version":[{"id":674,"href":"https:\/\/brainpotato.com\/fr\/wp-json\/wp\/v2\/pages\/121\/revisions\/674"}],"wp:attachment":[{"href":"https:\/\/brainpotato.com\/fr\/wp-json\/wp\/v2\/media?parent=121"}],"curies":[{"name":"wp","href":"https:\/\/api.w.org\/{rel}","templated":true}]}}